{"id":4468,"date":"2022-03-22T16:31:50","date_gmt":"2022-03-22T20:31:50","guid":{"rendered":"https:\/\/boutique.raven-media.ca\/magazines\/atv-guide-copy\/"},"modified":"2025-03-17T17:03:04","modified_gmt":"2025-03-17T21:03:04","slug":"guide-vtt","status":"publish","type":"page","link":"https:\/\/boutique.raven-media.ca\/en\/magazines\/guide-vtt\/","title":{"rendered":"Guide du VTT"},"content":{"rendered":"\t\t<div data-elementor-type=\"wp-post\" data-elementor-id=\"4468\" class=\"elementor elementor-4468\">\n\t\t\t\t\t\t<section class=\"elementor-section elementor-top-section elementor-element elementor-element-20daaa1 elementor-section-boxed elementor-section-height-default elementor-section-height-default\" data-id=\"20daaa1\" data-element_type=\"section\" data-e-type=\"section\">\n\t\t\t\t\t\t<div class=\"elementor-container elementor-column-gap-default\">\n\t\t\t\t\t<div class=\"elementor-column elementor-col-50 elementor-top-column elementor-element elementor-element-bce54dc\" data-id=\"bce54dc\" data-element_type=\"column\" data-e-type=\"column\">\n\t\t\t<div class=\"elementor-widget-wrap elementor-element-populated\">\n\t\t\t\t\t\t<div class=\"elementor-element elementor-element-45229b3 elementor-widget elementor-widget-rt-title\" data-id=\"45229b3\" data-element_type=\"widget\" data-e-type=\"widget\" data-widget_type=\"rt-title.default\">\n\t\t\t\t<div class=\"elementor-widget-container\">\n\t\t\t\t\t<div class=\"rt-el-title rtin-style-2 rtin-align-left\">\r\n\t<h3 class=\"rtin-title\">About Guide du VTT<\/h3>\r\n\t\t\t<p class=\"rtin-subtitle\">Only available in French<\/p>\r\n\t<\/div>\t\t\t\t<\/div>\n\t\t\t\t<\/div>\n\t\t\t\t<div class=\"elementor-element elementor-element-75591e8 elementor-widget elementor-widget-text-editor\" data-id=\"75591e8\" data-element_type=\"widget\" data-e-type=\"widget\" data-widget_type=\"text-editor.default\">\n\t\t\t\t<div class=\"elementor-widget-container\">\n\t\t\t\t\t\t\t\t\t<p>ATV\/UTV fans will find answers to all their questions in this outstanding French publication, distributed throughout French regions of Canada.<\/p>\t\t\t\t\t\t\t\t<\/div>\n\t\t\t\t<\/div>\n\t\t\t\t<section class=\"elementor-section elementor-inner-section elementor-element elementor-element-a4cb601 elementor-section-boxed elementor-section-height-default elementor-section-height-default\" data-id=\"a4cb601\" data-element_type=\"section\" data-e-type=\"section\">\n\t\t\t\t\t\t<div class=\"elementor-container elementor-column-gap-default\">\n\t\t\t\t\t<div class=\"elementor-column elementor-col-50 elementor-inner-column elementor-element elementor-element-5179f21\" data-id=\"5179f21\" data-element_type=\"column\" data-e-type=\"column\">\n\t\t\t<div class=\"elementor-widget-wrap elementor-element-populated\">\n\t\t\t\t\t\t<div class=\"elementor-element elementor-element-455457a elementor-widget elementor-widget-rt-button\" data-id=\"455457a\" data-element_type=\"widget\" data-e-type=\"widget\" data-widget_type=\"rt-button.default\">\n\t\t\t\t<div class=\"elementor-widget-container\">\n\t\t\t\t\t<div class=\"rt-el-btn rtin-style-1\">\r\n\t<a href=\"#subscription-options\">BUY<\/a>\r\n<\/div>\t\t\t\t<\/div>\n\t\t\t\t<\/div>\n\t\t\t\t\t<\/div>\n\t\t<\/div>\n\t\t\t\t<div class=\"elementor-column elementor-col-50 elementor-inner-column elementor-element elementor-element-f3f7e00\" data-id=\"f3f7e00\" data-element_type=\"column\" data-e-type=\"column\">\n\t\t\t<div class=\"elementor-widget-wrap\">\n\t\t\t\t\t\t\t<\/div>\n\t\t<\/div>\n\t\t\t\t\t<\/div>\n\t\t<\/section>\n\t\t\t\t\t<\/div>\n\t\t<\/div>\n\t\t\t\t<div class=\"elementor-column elementor-col-50 elementor-top-column elementor-element elementor-element-fba56fc\" data-id=\"fba56fc\" data-element_type=\"column\" data-e-type=\"column\">\n\t\t\t<div class=\"elementor-widget-wrap elementor-element-populated\">\n\t\t\t\t\t\t<div class=\"elementor-element elementor-element-9919564 elementor-widget elementor-widget-image\" data-id=\"9919564\" data-element_type=\"widget\" data-e-type=\"widget\" data-widget_type=\"image.default\">\n\t\t\t\t<div class=\"elementor-widget-container\">\n\t\t\t\t\t\t\t\t\t\t\t\t\t\t\t<img decoding=\"async\" src=\"https:\/\/boutique.raven-media.ca\/wp-content\/uploads\/elementor\/thumbs\/guideduvtt2025_cover-r2yhgqj1oqkrd1hns5zpblwbe785ad1vfgl7lne1zc.jpg\" title=\"guideduvtt2025_cover\" alt=\"guideduvtt2025_cover\" loading=\"lazy\" \/>\t\t\t\t\t\t\t\t\t\t\t\t\t\t\t<\/div>\n\t\t\t\t<\/div>\n\t\t\t\t\t<\/div>\n\t\t<\/div>\n\t\t\t\t\t<\/div>\n\t\t<\/section>\n\t\t\t\t<section class=\"elementor-section elementor-top-section elementor-element elementor-element-f8c22d3 elementor-section-boxed elementor-section-height-default elementor-section-height-default\" data-id=\"f8c22d3\" data-element_type=\"section\" data-e-type=\"section\">\n\t\t\t\t\t\t<div class=\"elementor-container elementor-column-gap-default\">\n\t\t\t\t\t<div class=\"elementor-column elementor-col-100 elementor-top-column elementor-element elementor-element-ed42fee\" data-id=\"ed42fee\" data-element_type=\"column\" data-e-type=\"column\">\n\t\t\t<div class=\"elementor-widget-wrap elementor-element-populated\">\n\t\t\t\t\t\t<div class=\"elementor-element elementor-element-0946883 elementor-widget elementor-widget-menu-anchor\" data-id=\"0946883\" data-element_type=\"widget\" data-e-type=\"widget\" data-widget_type=\"menu-anchor.default\">\n\t\t\t\t<div class=\"elementor-widget-container\">\n\t\t\t\t\t\t\t<div class=\"elementor-menu-anchor\" id=\"subscription-options\"><\/div>\n\t\t\t\t\t\t<\/div>\n\t\t\t\t<\/div>\n\t\t\t\t\t<\/div>\n\t\t<\/div>\n\t\t\t\t\t<\/div>\n\t\t<\/section>\n\t\t\t\t<section class=\"elementor-section elementor-top-section elementor-element elementor-element-eeb7682 elementor-section-boxed elementor-section-height-default elementor-section-height-default\" data-id=\"eeb7682\" data-element_type=\"section\" data-e-type=\"section\">\n\t\t\t\t\t\t<div class=\"elementor-container elementor-column-gap-default\">\n\t\t\t\t\t<div class=\"elementor-column elementor-col-100 elementor-top-column elementor-element elementor-element-e8fd568\" data-id=\"e8fd568\" data-element_type=\"column\" data-e-type=\"column\">\n\t\t\t<div class=\"elementor-widget-wrap elementor-element-populated\">\n\t\t\t\t\t\t<div class=\"elementor-element elementor-element-e28795c elementor-widget elementor-widget-rt-product-slider\" data-id=\"e28795c\" data-element_type=\"widget\" data-e-type=\"widget\" data-widget_type=\"rt-product-slider.default\">\n\t\t\t\t<div class=\"elementor-widget-container\">\n\t\t\t\t\t<div class=\"rt-el-product-slider rtin-style-1\">\r\n\t\t\t<div class=\"rt-sec-title-area-1\">\r\n\t\t\t <h3 class=\"rtin-sec-title\">Purchase options - Guide du VTT (French only)<\/h3> \t\t\t\t\t<\/div>\r\n\t\r\n\t\t\t<div class=\"rtin-items owl-theme owl-custom-nav owl-carousel rt-owl-carousel\" data-carousel-options=\"{&quot;nav&quot;:true,&quot;dots&quot;:false,&quot;navText&quot;:[&quot;&lt;i class=&#039;fa fa-chevron-left&#039;&gt;&lt;\\\/i&gt;&quot;,&quot;&lt;i class=&#039;fa fa-chevron-right&#039;&gt;&lt;\\\/i&gt;&quot;],&quot;autoplay&quot;:true,&quot;autoplayTimeout&quot;:&quot;5000&quot;,&quot;autoplaySpeed&quot;:200,&quot;autoplayHoverPause&quot;:true,&quot;loop&quot;:false,&quot;margin&quot;:30,&quot;responsive&quot;:{&quot;0&quot;:{&quot;items&quot;:&quot;1&quot;},&quot;480&quot;:{&quot;items&quot;:&quot;2&quot;},&quot;768&quot;:{&quot;items&quot;:&quot;3&quot;},&quot;992&quot;:{&quot;items&quot;:&quot;4&quot;},&quot;1200&quot;:{&quot;items&quot;:&quot;4&quot;}}}\">\r\n\t\t\t<div class=\"rt-product-block rt-product-block-1\">\r\n\t<div class=\"rtin-thumb-wrapper\">\r\n\t\t<div class=\"rtin-thumb\">\r\n\t\t\t<a href=\"https:\/\/boutique.raven-media.ca\/en\/product\/le-guide-du-vtt-annual-paper-edition\/\"><img fetchpriority=\"high\" decoding=\"async\" width=\"360\" height=\"432\" src=\"https:\/\/boutique.raven-media.ca\/wp-content\/uploads\/2023\/10\/5D813CD4-D8AC-4BCD-9A32-85A42E374AF1-360x432.png\" class=\"attachment-woocommerce_thumbnail size-woocommerce_thumbnail wp-post-image\" alt=\"Le Guide du VTT Annual Paper Edition\" \/><\/a>\t\t<\/div>\r\n\t\t\t<\/div>\r\n\t<div class=\"rtin-title-area\">\r\n\t\t\t\t<h3 class=\"rtin-title\"><a href=\"https:\/\/boutique.raven-media.ca\/en\/product\/le-guide-du-vtt-annual-paper-edition\/\">Le Guide du VTT Annual Paper Edition<\/a><\/h3>\r\n\t\t\t<\/div>\r\n\t\t\t<div class=\"rtin-cat\">Guide VTT<\/div>\r\n\t\t\t<div class=\"rtin-price-area\">\r\n\t\t\t\t\t<div class=\"rtin-price price\"><span class=\"woocommerce-Price-amount amount\"><span class=\"woocommerce-Price-currencySymbol\">&#036;<\/span>24,95<\/span><\/div>\r\n\t\t\t\t\t\r\n\t<\/div>\r\n\t<div class=\"rtin-buttons-area\">\r\n\t\t<div class=\"rtin-buttons\">\r\n\t\t\t<a rel=\"nofollow\" title=\"Add to cart\" href=\"\/en\/wp-json\/wp\/v2\/pages\/4468?add-to-cart=4559\" data-quantity=\"1\" data-product_id=\"4559\" data-product_sku=\"\" class=\"action-cart button product_type_variable rtwpvs_add_to_cart rtwpvs_ajax_add_to_cart  product_type_subscription add_to_cart_button ajax_add_to_cart\"><span>Add to cart<\/span><\/a>\t\t<a href=\"#\" class=\"yith-wcqv-button\" data-product_id=\"4559\" title=\"QuickView\"><span class=\"icon flaticon-search\"><\/span><\/a>\r\n\t\t\t\t<\/div>\r\n\t<\/div>\r\n<\/div><div class=\"rt-product-block rt-product-block-1\">\r\n\t<div class=\"rtin-thumb-wrapper\">\r\n\t\t<div class=\"rtin-thumb\">\r\n\t\t\t<a href=\"https:\/\/boutique.raven-media.ca\/en\/product\/3-years-subscription-le-guide-du-vtt-digital-edition\/\"><img decoding=\"async\" width=\"360\" height=\"432\" src=\"https:\/\/boutique.raven-media.ca\/wp-content\/uploads\/2025\/03\/GuideVTT_Digital_3ans-scaled-360x432.jpg\" class=\"attachment-woocommerce_thumbnail size-woocommerce_thumbnail wp-post-image\" alt=\"3 YEARS Subscription Le Guide du VTT Digital Edition\" \/><\/a>\t\t<\/div>\r\n\t\t\t<\/div>\r\n\t<div class=\"rtin-title-area\">\r\n\t\t\t\t<h3 class=\"rtin-title\"><a href=\"https:\/\/boutique.raven-media.ca\/en\/product\/3-years-subscription-le-guide-du-vtt-digital-edition\/\">3 YEARS Subscription Le Guide du VTT Digital Edition<\/a><\/h3>\r\n\t\t\t<\/div>\r\n\t\t\t<div class=\"rtin-cat\">Guide VTT<\/div>\r\n\t\t\t<div class=\"rtin-price-area\">\r\n\t\t\t\t\t<div class=\"rtin-price price\"><span class=\"woocommerce-Price-amount amount\"><span class=\"woocommerce-Price-currencySymbol\">&#036;<\/span>25,00<\/span><\/div>\r\n\t\t\t\t\t\r\n\t<\/div>\r\n\t<div class=\"rtin-buttons-area\">\r\n\t\t<div class=\"rtin-buttons\">\r\n\t\t\t<a rel=\"nofollow\" title=\"Add to cart\" href=\"\/en\/wp-json\/wp\/v2\/pages\/4468?add-to-cart=3859\" data-quantity=\"1\" data-product_id=\"3859\" data-product_sku=\"\" class=\"action-cart button product_type_variable rtwpvs_add_to_cart rtwpvs_ajax_add_to_cart  product_type_subscription add_to_cart_button ajax_add_to_cart\"><span>Add to cart<\/span><\/a>\t\t<a href=\"#\" class=\"yith-wcqv-button\" data-product_id=\"3859\" title=\"QuickView\"><span class=\"icon flaticon-search\"><\/span><\/a>\r\n\t\t\t\t<\/div>\r\n\t<\/div>\r\n<\/div><div class=\"rt-product-block rt-product-block-1\">\r\n\t<div class=\"rtin-thumb-wrapper\">\r\n\t\t<div class=\"rtin-thumb\">\r\n\t\t\t<a href=\"https:\/\/boutique.raven-media.ca\/en\/product\/1-year-subscription-le-guide-du-vtt-digital-edition\/\"><img decoding=\"async\" width=\"360\" height=\"432\" src=\"https:\/\/boutique.raven-media.ca\/wp-content\/uploads\/2025\/03\/GuideVTT_Digital_1an-scaled-360x432.jpg\" class=\"attachment-woocommerce_thumbnail size-woocommerce_thumbnail wp-post-image\" alt=\"1 YEAR Subscription Le Guide du VTT Digital Edition\" \/><\/a>\t\t<\/div>\r\n\t\t\t<\/div>\r\n\t<div class=\"rtin-title-area\">\r\n\t\t\t\t<h3 class=\"rtin-title\"><a href=\"https:\/\/boutique.raven-media.ca\/en\/product\/1-year-subscription-le-guide-du-vtt-digital-edition\/\">1 YEAR Subscription Le Guide du VTT Digital Edition<\/a><\/h3>\r\n\t\t\t<\/div>\r\n\t\t\t<div class=\"rtin-cat\">Guide VTT<\/div>\r\n\t\t\t<div class=\"rtin-price-area\">\r\n\t\t\t\t\t<div class=\"rtin-price price\"><span class=\"woocommerce-Price-amount amount\"><span class=\"woocommerce-Price-currencySymbol\">&#036;<\/span>10,00<\/span><\/div>\r\n\t\t\t\t\t\r\n\t<\/div>\r\n\t<div class=\"rtin-buttons-area\">\r\n\t\t<div class=\"rtin-buttons\">\r\n\t\t\t<a rel=\"nofollow\" title=\"Add to cart\" href=\"\/en\/wp-json\/wp\/v2\/pages\/4468?add-to-cart=3874\" data-quantity=\"1\" data-product_id=\"3874\" data-product_sku=\"\" class=\"action-cart button product_type_variable rtwpvs_add_to_cart rtwpvs_ajax_add_to_cart  product_type_subscription add_to_cart_button ajax_add_to_cart\"><span>Add to cart<\/span><\/a>\t\t<a href=\"#\" class=\"yith-wcqv-button\" data-product_id=\"3874\" title=\"QuickView\"><span class=\"icon flaticon-search\"><\/span><\/a>\r\n\t\t\t\t<\/div>\r\n\t<\/div>\r\n<\/div>\t\t<\/div>\r\n\t<\/div>\r\n\t\t\t\t<\/div>\n\t\t\t\t<\/div>\n\t\t\t\t\t<\/div>\n\t\t<\/div>\n\t\t\t\t\t<\/div>\n\t\t<\/section>\n\t\t\t\t<section class=\"elementor-section elementor-top-section elementor-element elementor-element-90cc9c1 elementor-section-boxed elementor-section-height-default elementor-section-height-default\" data-id=\"90cc9c1\" data-element_type=\"section\" data-e-type=\"section\">\n\t\t\t\t\t\t<div class=\"elementor-container elementor-column-gap-default\">\n\t\t\t\t\t<div class=\"elementor-column elementor-col-100 elementor-top-column elementor-element elementor-element-78f4351\" data-id=\"78f4351\" data-element_type=\"column\" data-e-type=\"column\">\n\t\t\t<div class=\"elementor-widget-wrap elementor-element-populated\">\n\t\t\t\t\t\t<div class=\"elementor-element elementor-element-8476899 elementor-widget elementor-widget-spacer\" data-id=\"8476899\" data-element_type=\"widget\" data-e-type=\"widget\" data-widget_type=\"spacer.default\">\n\t\t\t\t<div class=\"elementor-widget-container\">\n\t\t\t\t\t\t\t<div class=\"elementor-spacer\">\n\t\t\t<div class=\"elementor-spacer-inner\"><\/div>\n\t\t<\/div>\n\t\t\t\t\t\t<\/div>\n\t\t\t\t<\/div>\n\t\t\t\t\t<\/div>\n\t\t<\/div>\n\t\t\t\t\t<\/div>\n\t\t<\/section>\n\t\t\t\t<section class=\"elementor-section elementor-top-section elementor-element elementor-element-91bd4e9 elementor-section-stretched elementor-section-boxed elementor-section-height-default elementor-section-height-default\" data-id=\"91bd4e9\" data-element_type=\"section\" data-e-type=\"section\" data-settings=\"{&quot;stretch_section&quot;:&quot;section-stretched&quot;,&quot;background_background&quot;:&quot;classic&quot;}\">\n\t\t\t\t\t\t\t<div class=\"elementor-background-overlay\"><\/div>\n\t\t\t\t\t\t\t<div class=\"elementor-container elementor-column-gap-default\">\n\t\t\t\t\t<div class=\"elementor-column elementor-col-100 elementor-top-column elementor-element elementor-element-168561d\" data-id=\"168561d\" data-element_type=\"column\" data-e-type=\"column\">\n\t\t\t<div class=\"elementor-widget-wrap elementor-element-populated\">\n\t\t\t\t\t\t<div class=\"elementor-element elementor-element-ec33d22 elementor-widget elementor-widget-rt-title\" data-id=\"ec33d22\" data-element_type=\"widget\" data-e-type=\"widget\" data-widget_type=\"rt-title.default\">\n\t\t\t\t<div class=\"elementor-widget-container\">\n\t\t\t\t\t<div class=\"rt-el-title rtin-style-1 rtin-align-center\">\r\n\t<h3 class=\"rtin-title\">About Raven M\u00e9dia<\/h3>\r\n\t\t\t<p class=\"rtin-subtitle\">Raven M\u00e9dia est l'\u00e9diteur des magazines ATV Trail Rider, Planete Quad, Le Monde du VTT, Passion Motoneige et Custom Tour. En plus de nos magazines de sports motoris\u00e9s, nous publions \u00e9galement les versions bilingues du Guide de r\u00e9f\u00e9rence du VTT\/UTV.<\/p>\r\n\t<\/div>\t\t\t\t<\/div>\n\t\t\t\t<\/div>\n\t\t\t\t\t<\/div>\n\t\t<\/div>\n\t\t\t\t\t<\/div>\n\t\t<\/section>\n\t\t\t\t<\/div>\n\t\t","protected":false},"excerpt":{"rendered":"<p>About Guide du VTT Only available in French ATV\/UTV fans will find answers to all their questions in this outstanding French publication, distributed throughout French regions of Canada. BUY Purchase options &#8211; Guide du VTT (French only) Le Guide du VTT Annual Paper Edition Guide VTT &#036;24,95 \/ ann\u00e9e Ajouter au panier 3 YEARS Subscription &#8230;<\/p>\n","protected":false},"author":3,"featured_media":0,"parent":3955,"menu_order":0,"comment_status":"closed","ping_status":"closed","template":"templates\/blank.php","meta":{"footnotes":""},"magazine":[199],"class_list":["post-4468","page","type-page","status-publish","hentry","magazine-guide-vtt"],"acf":[],"_links":{"self":[{"href":"https:\/\/boutique.raven-media.ca\/en\/wp-json\/wp\/v2\/pages\/4468","targetHints":{"allow":["GET"]}}],"collection":[{"href":"https:\/\/boutique.raven-media.ca\/en\/wp-json\/wp\/v2\/pages"}],"about":[{"href":"https:\/\/boutique.raven-media.ca\/en\/wp-json\/wp\/v2\/types\/page"}],"author":[{"embeddable":true,"href":"https:\/\/boutique.raven-media.ca\/en\/wp-json\/wp\/v2\/users\/3"}],"replies":[{"embeddable":true,"href":"https:\/\/boutique.raven-media.ca\/en\/wp-json\/wp\/v2\/comments?post=4468"}],"version-history":[{"count":39,"href":"https:\/\/boutique.raven-media.ca\/en\/wp-json\/wp\/v2\/pages\/4468\/revisions"}],"predecessor-version":[{"id":105273,"href":"https:\/\/boutique.raven-media.ca\/en\/wp-json\/wp\/v2\/pages\/4468\/revisions\/105273"}],"up":[{"embeddable":true,"href":"https:\/\/boutique.raven-media.ca\/en\/wp-json\/wp\/v2\/pages\/3955"}],"wp:attachment":[{"href":"https:\/\/boutique.raven-media.ca\/en\/wp-json\/wp\/v2\/media?parent=4468"}],"wp:term":[{"taxonomy":"magazine","embeddable":true,"href":"https:\/\/boutique.raven-media.ca\/en\/wp-json\/wp\/v2\/magazine?post=4468"}],"curies":[{"name":"wp","href":"https:\/\/api.w.org\/{rel}","templated":true}]}}