{"id":5272,"date":"2022-02-15T12:31:37","date_gmt":"2022-02-15T17:31:37","guid":{"rendered":"https:\/\/boutique.raven-media.ca\/custom-tour\/"},"modified":"2022-04-20T22:33:09","modified_gmt":"2022-04-21T02:33:09","slug":"custom-tour","status":"publish","type":"page","link":"https:\/\/boutique.raven-media.ca\/fr\/magazines\/custom-tour\/","title":{"rendered":"Custom Tour"},"content":{"rendered":"\t\t<div data-elementor-type=\"wp-post\" data-elementor-id=\"5272\" class=\"elementor elementor-5272 elementor-3953\">\n\t\t\t\t\t\t<section class=\"elementor-section elementor-top-section elementor-element elementor-element-20daaa1 elementor-section-boxed elementor-section-height-default elementor-section-height-default\" data-id=\"20daaa1\" data-element_type=\"section\" data-e-type=\"section\">\n\t\t\t\t\t\t<div class=\"elementor-container elementor-column-gap-default\">\n\t\t\t\t\t<div class=\"elementor-column elementor-col-50 elementor-top-column elementor-element elementor-element-bce54dc\" data-id=\"bce54dc\" data-element_type=\"column\" data-e-type=\"column\">\n\t\t\t<div class=\"elementor-widget-wrap elementor-element-populated\">\n\t\t\t\t\t\t<div class=\"elementor-element elementor-element-45229b3 elementor-widget elementor-widget-rt-title\" data-id=\"45229b3\" data-element_type=\"widget\" data-e-type=\"widget\" data-widget_type=\"rt-title.default\">\n\t\t\t\t<div class=\"elementor-widget-container\">\n\t\t\t\t\t<div class=\"rt-el-title rtin-style-2 rtin-align-left\">\r\n\t<h3 class=\"rtin-title\">\u00c0 propos du magazine Custom Tour <\/h3>\r\n\t<\/div>\t\t\t\t<\/div>\n\t\t\t\t<\/div>\n\t\t\t\t<div class=\"elementor-element elementor-element-75591e8 elementor-widget elementor-widget-text-editor\" data-id=\"75591e8\" data-element_type=\"widget\" data-e-type=\"widget\" data-widget_type=\"text-editor.default\">\n\t\t\t\t<div class=\"elementor-widget-container\">\n\t\t\t\t\t\t\t\t\t<div class=\"tdm_block td_block_wrap tdm_block_inline_text tdi_154_1bb tdm-inline-block tdm-content-horiz-center td-pb-border-top td_block_template_1 tdc-no-posts\" data-td-block-uid=\"tdi_154_1bb\"><p class=\"tdm-descr\">Le magazine Custom Tour est le magazine des vrais passionn\u00e9s de motos. Dans chaque \u00e9dition, d\u00e9couvrez des conseils de professionnels, des interviews de passionn\u00e9s du domaine et des nouvelles du secteur.<\/p><\/div>\t\t\t\t\t\t\t\t<\/div>\n\t\t\t\t<\/div>\n\t\t\t\t<section class=\"elementor-section elementor-inner-section elementor-element elementor-element-a4cb601 elementor-section-boxed elementor-section-height-default elementor-section-height-default\" data-id=\"a4cb601\" data-element_type=\"section\" data-e-type=\"section\">\n\t\t\t\t\t\t<div class=\"elementor-container elementor-column-gap-default\">\n\t\t\t\t\t<div class=\"elementor-column elementor-col-50 elementor-inner-column elementor-element elementor-element-5179f21\" data-id=\"5179f21\" data-element_type=\"column\" data-e-type=\"column\">\n\t\t\t<div class=\"elementor-widget-wrap elementor-element-populated\">\n\t\t\t\t\t\t<div class=\"elementor-element elementor-element-455457a elementor-widget elementor-widget-rt-button\" data-id=\"455457a\" data-element_type=\"widget\" data-e-type=\"widget\" data-widget_type=\"rt-button.default\">\n\t\t\t\t<div class=\"elementor-widget-container\">\n\t\t\t\t\t<div class=\"rt-el-btn rtin-style-1\">\r\n\t<a href=\"#subscription-options\">S&#039;abonner<\/a>\r\n<\/div>\t\t\t\t<\/div>\n\t\t\t\t<\/div>\n\t\t\t\t\t<\/div>\n\t\t<\/div>\n\t\t\t\t<div class=\"elementor-column elementor-col-50 elementor-inner-column elementor-element elementor-element-f3f7e00\" data-id=\"f3f7e00\" data-element_type=\"column\" data-e-type=\"column\">\n\t\t\t<div class=\"elementor-widget-wrap elementor-element-populated\">\n\t\t\t\t\t\t<div class=\"elementor-element elementor-element-f3a03d7 elementor-widget elementor-widget-rt-button\" data-id=\"f3a03d7\" data-element_type=\"widget\" data-e-type=\"widget\" data-widget_type=\"rt-button.default\">\n\t\t\t\t<div class=\"elementor-widget-container\">\n\t\t\t\t\t<div class=\"rt-el-btn rtin-style-1\">\r\n\t<a href=\"https:\/\/customtour.raven-media.ca\/\" target=\"_blank\">Voir le site web<\/a>\r\n<\/div>\t\t\t\t<\/div>\n\t\t\t\t<\/div>\n\t\t\t\t\t<\/div>\n\t\t<\/div>\n\t\t\t\t\t<\/div>\n\t\t<\/section>\n\t\t\t\t\t<\/div>\n\t\t<\/div>\n\t\t\t\t<div class=\"elementor-column elementor-col-50 elementor-top-column elementor-element elementor-element-fba56fc\" data-id=\"fba56fc\" data-element_type=\"column\" data-e-type=\"column\">\n\t\t\t<div class=\"elementor-widget-wrap elementor-element-populated\">\n\t\t\t\t\t\t<div class=\"elementor-element elementor-element-9919564 elementor-widget elementor-widget-image\" data-id=\"9919564\" data-element_type=\"widget\" data-e-type=\"widget\" data-widget_type=\"image.default\">\n\t\t\t\t<div class=\"elementor-widget-container\">\n\t\t\t\t\t\t\t\t\t\t\t\t\t\t\t<img decoding=\"async\" src=\"https:\/\/boutique.raven-media.ca\/wp-content\/uploads\/elementor\/thumbs\/Raven-Cover-Custom-Tour-pmp4onkglz6yihfszpefihnxw4ix4htffbvaz2bzka.jpg\" title=\"Raven-Cover-Custom-Tour\" alt=\"Custom Tour Magazine\" loading=\"lazy\" \/>\t\t\t\t\t\t\t\t\t\t\t\t\t\t\t<\/div>\n\t\t\t\t<\/div>\n\t\t\t\t\t<\/div>\n\t\t<\/div>\n\t\t\t\t\t<\/div>\n\t\t<\/section>\n\t\t\t\t<section class=\"elementor-section elementor-top-section elementor-element elementor-element-f8c22d3 elementor-section-boxed elementor-section-height-default elementor-section-height-default\" data-id=\"f8c22d3\" data-element_type=\"section\" data-e-type=\"section\">\n\t\t\t\t\t\t<div class=\"elementor-container elementor-column-gap-default\">\n\t\t\t\t\t<div class=\"elementor-column elementor-col-100 elementor-top-column elementor-element elementor-element-ed42fee\" data-id=\"ed42fee\" data-element_type=\"column\" data-e-type=\"column\">\n\t\t\t<div class=\"elementor-widget-wrap elementor-element-populated\">\n\t\t\t\t\t\t<div class=\"elementor-element elementor-element-0946883 elementor-widget elementor-widget-menu-anchor\" data-id=\"0946883\" data-element_type=\"widget\" data-e-type=\"widget\" data-widget_type=\"menu-anchor.default\">\n\t\t\t\t<div class=\"elementor-widget-container\">\n\t\t\t\t\t\t\t<div class=\"elementor-menu-anchor\" id=\"subscription-options\"><\/div>\n\t\t\t\t\t\t<\/div>\n\t\t\t\t<\/div>\n\t\t\t\t\t<\/div>\n\t\t<\/div>\n\t\t\t\t\t<\/div>\n\t\t<\/section>\n\t\t\t\t<section class=\"elementor-section elementor-top-section elementor-element elementor-element-eeb7682 elementor-section-boxed elementor-section-height-default elementor-section-height-default\" data-id=\"eeb7682\" data-element_type=\"section\" data-e-type=\"section\">\n\t\t\t\t\t\t<div class=\"elementor-container elementor-column-gap-default\">\n\t\t\t\t\t<div class=\"elementor-column elementor-col-100 elementor-top-column elementor-element elementor-element-e8fd568\" data-id=\"e8fd568\" data-element_type=\"column\" data-e-type=\"column\">\n\t\t\t<div class=\"elementor-widget-wrap elementor-element-populated\">\n\t\t\t\t\t\t<div class=\"elementor-element elementor-element-e28795c elementor-widget elementor-widget-rt-product-slider\" data-id=\"e28795c\" data-element_type=\"widget\" data-e-type=\"widget\" data-widget_type=\"rt-product-slider.default\">\n\t\t\t\t<div class=\"elementor-widget-container\">\n\t\t\t\t\t<div class=\"rt-el-product-slider rtin-style-1\">\r\n\t\t\t<div class=\"rt-sec-title-area-1\">\r\n\t\t\t <h3 class=\"rtin-sec-title\">Options d&#039;abonnement - Magazine Custom Tour<\/h3> \t\t\t\t\t<\/div>\r\n\t\r\n\t\t\t<div class=\"rtin-items owl-theme owl-custom-nav owl-carousel rt-owl-carousel\" data-carousel-options=\"{&quot;nav&quot;:true,&quot;dots&quot;:false,&quot;navText&quot;:[&quot;&lt;i class=&#039;fa fa-chevron-left&#039;&gt;&lt;\\\/i&gt;&quot;,&quot;&lt;i class=&#039;fa fa-chevron-right&#039;&gt;&lt;\\\/i&gt;&quot;],&quot;autoplay&quot;:true,&quot;autoplayTimeout&quot;:&quot;5000&quot;,&quot;autoplaySpeed&quot;:200,&quot;autoplayHoverPause&quot;:true,&quot;loop&quot;:false,&quot;margin&quot;:30,&quot;responsive&quot;:{&quot;0&quot;:{&quot;items&quot;:&quot;1&quot;},&quot;480&quot;:{&quot;items&quot;:&quot;2&quot;},&quot;768&quot;:{&quot;items&quot;:&quot;3&quot;},&quot;992&quot;:{&quot;items&quot;:&quot;4&quot;},&quot;1200&quot;:{&quot;items&quot;:&quot;4&quot;}}}\">\r\n\t\t\t<div class=\"rt-product-block rt-product-block-1\">\r\n\t<div class=\"rtin-thumb-wrapper\">\r\n\t\t<div class=\"rtin-thumb\">\r\n\t\t\t<a href=\"https:\/\/boutique.raven-media.ca\/fr\/produit\/abonnement-3-ans-edition-papier-custom-tour\/\"><img fetchpriority=\"high\" decoding=\"async\" width=\"360\" height=\"432\" src=\"https:\/\/boutique.raven-media.ca\/wp-content\/uploads\/2022\/03\/CustomTour_PapierDigital3ans-360x432.jpg\" class=\"attachment-woocommerce_thumbnail size-woocommerce_thumbnail wp-post-image\" alt=\"Abonnement 3 ANS \u00e9dition papier Custom Tour (\u00e9dition digitale incluse)\" \/><\/a>\t\t<\/div>\r\n\t\t\t<\/div>\r\n\t<div class=\"rtin-title-area\">\r\n\t\t\t\t<h3 class=\"rtin-title\"><a href=\"https:\/\/boutique.raven-media.ca\/fr\/produit\/abonnement-3-ans-edition-papier-custom-tour\/\">Abonnement 3 ANS \u00e9dition papier Custom Tour (\u00e9dition digitale incluse)<\/a><\/h3>\r\n\t\t\t<\/div>\r\n\t\t\t<div class=\"rtin-cat\">Abonnements<\/div>\r\n\t\t\t<div class=\"rtin-price-area\">\r\n\t\t\t\t\t<div class=\"rtin-price price\"><span class=\"woocommerce-Price-amount amount\"><span class=\"woocommerce-Price-currencySymbol\">&#036;<\/span>45,00<\/span><\/div>\r\n\t\t\t\t\t\r\n\t<\/div>\r\n\t<div class=\"rtin-buttons-area\">\r\n\t\t<div class=\"rtin-buttons\">\r\n\t\t\t<a rel=\"nofollow\" title=\"Ajouter au panier\" href=\"\/fr\/wp-json\/wp\/v2\/pages\/5272?add-to-cart=4995\" data-quantity=\"1\" data-product_id=\"4995\" data-product_sku=\"\" class=\"action-cart button product_type_variable rtwpvs_add_to_cart rtwpvs_ajax_add_to_cart  product_type_subscription add_to_cart_button ajax_add_to_cart\"><span>Ajouter au panier<\/span><\/a>\t\t<a href=\"#\" class=\"yith-wcqv-button\" data-product_id=\"4995\" title=\"QuickView\"><span class=\"icon flaticon-search\"><\/span><\/a>\r\n\t\t\t\t<\/div>\r\n\t<\/div>\r\n<\/div><div class=\"rt-product-block rt-product-block-1\">\r\n\t<div class=\"rtin-thumb-wrapper\">\r\n\t\t<div class=\"rtin-thumb\">\r\n\t\t\t<a href=\"https:\/\/boutique.raven-media.ca\/fr\/produit\/abonnement-1-an-edition-papier-custom-tour\/\"><img decoding=\"async\" width=\"360\" height=\"432\" src=\"https:\/\/boutique.raven-media.ca\/wp-content\/uploads\/2022\/03\/CustomTour_PapierDigital1an-360x432.jpg\" class=\"attachment-woocommerce_thumbnail size-woocommerce_thumbnail wp-post-image\" alt=\"Abonnement 1 AN \u00e9dition papier Custom Tour (\u00e9dition digitale incluse)\" \/><\/a>\t\t<\/div>\r\n\t\t\t<\/div>\r\n\t<div class=\"rtin-title-area\">\r\n\t\t\t\t<h3 class=\"rtin-title\"><a href=\"https:\/\/boutique.raven-media.ca\/fr\/produit\/abonnement-1-an-edition-papier-custom-tour\/\">Abonnement 1 AN \u00e9dition papier Custom Tour (\u00e9dition digitale incluse)<\/a><\/h3>\r\n\t\t\t<\/div>\r\n\t\t\t<div class=\"rtin-cat\">Abonnements<\/div>\r\n\t\t\t<div class=\"rtin-price-area\">\r\n\t\t\t\t\t<div class=\"rtin-price price\"><span class=\"woocommerce-Price-amount amount\"><span class=\"woocommerce-Price-currencySymbol\">&#036;<\/span>25,00<\/span><\/div>\r\n\t\t\t\t\t\r\n\t<\/div>\r\n\t<div class=\"rtin-buttons-area\">\r\n\t\t<div class=\"rtin-buttons\">\r\n\t\t\t<a rel=\"nofollow\" title=\"Ajouter au panier\" href=\"\/fr\/wp-json\/wp\/v2\/pages\/5272?add-to-cart=4994\" data-quantity=\"1\" data-product_id=\"4994\" data-product_sku=\"\" class=\"action-cart button product_type_variable rtwpvs_add_to_cart rtwpvs_ajax_add_to_cart  product_type_subscription add_to_cart_button ajax_add_to_cart\"><span>Ajouter au panier<\/span><\/a>\t\t<a href=\"#\" class=\"yith-wcqv-button\" data-product_id=\"4994\" title=\"QuickView\"><span class=\"icon flaticon-search\"><\/span><\/a>\r\n\t\t\t\t<\/div>\r\n\t<\/div>\r\n<\/div><div class=\"rt-product-block rt-product-block-1\">\r\n\t<div class=\"rtin-thumb-wrapper\">\r\n\t\t<div class=\"rtin-thumb\">\r\n\t\t\t<a href=\"https:\/\/boutique.raven-media.ca\/fr\/produit\/abonnement-3-ans-edition-digitale-custom-tour\/\"><img decoding=\"async\" width=\"360\" height=\"432\" src=\"https:\/\/boutique.raven-media.ca\/wp-content\/uploads\/2022\/03\/CustomTour_Digital3ans-360x432.jpg\" class=\"attachment-woocommerce_thumbnail size-woocommerce_thumbnail wp-post-image\" alt=\"Abonnement 3 ANS \u00c9dition Digitale Custom Tour\" \/><\/a>\t\t<\/div>\r\n\t\t\t<\/div>\r\n\t<div class=\"rtin-title-area\">\r\n\t\t\t\t<h3 class=\"rtin-title\"><a href=\"https:\/\/boutique.raven-media.ca\/fr\/produit\/abonnement-3-ans-edition-digitale-custom-tour\/\">Abonnement 3 ANS \u00c9dition Digitale Custom Tour<\/a><\/h3>\r\n\t\t\t<\/div>\r\n\t\t\t<div class=\"rtin-cat\">Abonnements<\/div>\r\n\t\t\t<div class=\"rtin-price-area\">\r\n\t\t\t\t\t<div class=\"rtin-price price\"><span class=\"woocommerce-Price-amount amount\"><span class=\"woocommerce-Price-currencySymbol\">&#036;<\/span>20,00<\/span><\/div>\r\n\t\t\t\t\t\r\n\t<\/div>\r\n\t<div class=\"rtin-buttons-area\">\r\n\t\t<div class=\"rtin-buttons\">\r\n\t\t\t<a rel=\"nofollow\" title=\"Ajouter au panier\" href=\"\/fr\/wp-json\/wp\/v2\/pages\/5272?add-to-cart=4110\" data-quantity=\"1\" data-product_id=\"4110\" data-product_sku=\"\" class=\"action-cart button product_type_variable rtwpvs_add_to_cart rtwpvs_ajax_add_to_cart  product_type_subscription add_to_cart_button ajax_add_to_cart\"><span>Ajouter au panier<\/span><\/a>\t\t<a href=\"#\" class=\"yith-wcqv-button\" data-product_id=\"4110\" title=\"QuickView\"><span class=\"icon flaticon-search\"><\/span><\/a>\r\n\t\t\t\t<\/div>\r\n\t<\/div>\r\n<\/div><div class=\"rt-product-block rt-product-block-1\">\r\n\t<div class=\"rtin-thumb-wrapper\">\r\n\t\t<div class=\"rtin-thumb\">\r\n\t\t\t<a href=\"https:\/\/boutique.raven-media.ca\/fr\/produit\/abonnement-1-an-edition-digitale-custom-tour\/\"><img loading=\"lazy\" decoding=\"async\" width=\"360\" height=\"432\" src=\"https:\/\/boutique.raven-media.ca\/wp-content\/uploads\/2022\/03\/CustomTour_Digital1an-360x432.jpg\" class=\"attachment-woocommerce_thumbnail size-woocommerce_thumbnail wp-post-image\" alt=\"Abonnement 1 AN \u00c9dition Digitale Custom Tour\" \/><\/a>\t\t<\/div>\r\n\t\t\t<\/div>\r\n\t<div class=\"rtin-title-area\">\r\n\t\t\t\t<h3 class=\"rtin-title\"><a href=\"https:\/\/boutique.raven-media.ca\/fr\/produit\/abonnement-1-an-edition-digitale-custom-tour\/\">Abonnement 1 AN \u00c9dition Digitale Custom Tour<\/a><\/h3>\r\n\t\t\t<\/div>\r\n\t\t\t<div class=\"rtin-cat\">Abonnements<\/div>\r\n\t\t\t<div class=\"rtin-price-area\">\r\n\t\t\t\t\t<div class=\"rtin-price price\"><span class=\"woocommerce-Price-amount amount\"><span class=\"woocommerce-Price-currencySymbol\">&#036;<\/span>10,00<\/span><\/div>\r\n\t\t\t\t\t\r\n\t<\/div>\r\n\t<div class=\"rtin-buttons-area\">\r\n\t\t<div class=\"rtin-buttons\">\r\n\t\t\t<a rel=\"nofollow\" title=\"Ajouter au panier\" href=\"\/fr\/wp-json\/wp\/v2\/pages\/5272?add-to-cart=4109\" data-quantity=\"1\" data-product_id=\"4109\" data-product_sku=\"\" class=\"action-cart button product_type_variable rtwpvs_add_to_cart rtwpvs_ajax_add_to_cart  product_type_subscription add_to_cart_button ajax_add_to_cart\"><span>Ajouter au panier<\/span><\/a>\t\t<a href=\"#\" class=\"yith-wcqv-button\" data-product_id=\"4109\" title=\"QuickView\"><span class=\"icon flaticon-search\"><\/span><\/a>\r\n\t\t\t\t<\/div>\r\n\t<\/div>\r\n<\/div>\t\t<\/div>\r\n\t<\/div>\r\n\t\t\t\t<\/div>\n\t\t\t\t<\/div>\n\t\t\t\t\t<\/div>\n\t\t<\/div>\n\t\t\t\t\t<\/div>\n\t\t<\/section>\n\t\t\t\t<section class=\"elementor-section elementor-top-section elementor-element elementor-element-90cc9c1 elementor-section-boxed elementor-section-height-default elementor-section-height-default\" data-id=\"90cc9c1\" data-element_type=\"section\" data-e-type=\"section\">\n\t\t\t\t\t\t<div class=\"elementor-container elementor-column-gap-default\">\n\t\t\t\t\t<div class=\"elementor-column elementor-col-100 elementor-top-column elementor-element elementor-element-78f4351\" data-id=\"78f4351\" data-element_type=\"column\" data-e-type=\"column\">\n\t\t\t<div class=\"elementor-widget-wrap elementor-element-populated\">\n\t\t\t\t\t\t<div class=\"elementor-element elementor-element-8476899 elementor-widget elementor-widget-spacer\" data-id=\"8476899\" data-element_type=\"widget\" data-e-type=\"widget\" data-widget_type=\"spacer.default\">\n\t\t\t\t<div class=\"elementor-widget-container\">\n\t\t\t\t\t\t\t<div class=\"elementor-spacer\">\n\t\t\t<div class=\"elementor-spacer-inner\"><\/div>\n\t\t<\/div>\n\t\t\t\t\t\t<\/div>\n\t\t\t\t<\/div>\n\t\t\t\t\t<\/div>\n\t\t<\/div>\n\t\t\t\t\t<\/div>\n\t\t<\/section>\n\t\t\t\t<section class=\"elementor-section elementor-top-section elementor-element elementor-element-91bd4e9 elementor-section-stretched elementor-section-boxed elementor-section-height-default elementor-section-height-default\" data-id=\"91bd4e9\" data-element_type=\"section\" data-e-type=\"section\" data-settings=\"{&quot;stretch_section&quot;:&quot;section-stretched&quot;,&quot;background_background&quot;:&quot;classic&quot;}\">\n\t\t\t\t\t\t\t<div class=\"elementor-background-overlay\"><\/div>\n\t\t\t\t\t\t\t<div class=\"elementor-container elementor-column-gap-default\">\n\t\t\t\t\t<div class=\"elementor-column elementor-col-100 elementor-top-column elementor-element elementor-element-168561d\" data-id=\"168561d\" data-element_type=\"column\" data-e-type=\"column\">\n\t\t\t<div class=\"elementor-widget-wrap elementor-element-populated\">\n\t\t\t\t\t\t<div class=\"elementor-element elementor-element-ec33d22 elementor-widget elementor-widget-rt-title\" data-id=\"ec33d22\" data-element_type=\"widget\" data-e-type=\"widget\" data-widget_type=\"rt-title.default\">\n\t\t\t\t<div class=\"elementor-widget-container\">\n\t\t\t\t\t<div class=\"rt-el-title rtin-style-1 rtin-align-center\">\r\n\t<h3 class=\"rtin-title\">\u00c0 propos de  Raven M\u00e9dia<\/h3>\r\n\t\t\t<p class=\"rtin-subtitle\">Raven M\u00e9dia est l'\u00e9diteur des magazines ATV Trail Rider, Planete Quad, Le Monde du VTT, Passion Motoneige et Custom Tour. En plus de nos magazines de sports motoris\u00e9s, nous publions \u00e9galement les versions bilingues du Guide de r\u00e9f\u00e9rence du VTT\/UTV.<\/p>\r\n\t<\/div>\t\t\t\t<\/div>\n\t\t\t\t<\/div>\n\t\t\t\t\t<\/div>\n\t\t<\/div>\n\t\t\t\t\t<\/div>\n\t\t<\/section>\n\t\t\t\t<\/div>\n\t\t","protected":false},"excerpt":{"rendered":"<p>\u00c0 propos du magazine Custom Tour Le magazine Custom Tour est le magazine des vrais passionn\u00e9s de motos. Dans chaque \u00e9dition, d\u00e9couvrez des conseils de professionnels, des interviews de passionn\u00e9s du domaine et des nouvelles du secteur. S&#039;abonner Voir le site web Options d&#039;abonnement &#8211; Magazine Custom Tour Abonnement 3 ANS \u00e9dition papier Custom Tour &#8230;<\/p>\n","protected":false},"author":3,"featured_media":0,"parent":5735,"menu_order":0,"comment_status":"closed","ping_status":"closed","template":"templates\/blank.php","meta":{"footnotes":""},"magazine":[167],"class_list":["post-5272","page","type-page","status-publish","hentry","magazine-customtour"],"acf":[],"_links":{"self":[{"href":"https:\/\/boutique.raven-media.ca\/fr\/wp-json\/wp\/v2\/pages\/5272","targetHints":{"allow":["GET"]}}],"collection":[{"href":"https:\/\/boutique.raven-media.ca\/fr\/wp-json\/wp\/v2\/pages"}],"about":[{"href":"https:\/\/boutique.raven-media.ca\/fr\/wp-json\/wp\/v2\/types\/page"}],"author":[{"embeddable":true,"href":"https:\/\/boutique.raven-media.ca\/fr\/wp-json\/wp\/v2\/users\/3"}],"replies":[{"embeddable":true,"href":"https:\/\/boutique.raven-media.ca\/fr\/wp-json\/wp\/v2\/comments?post=5272"}],"version-history":[{"count":11,"href":"https:\/\/boutique.raven-media.ca\/fr\/wp-json\/wp\/v2\/pages\/5272\/revisions"}],"predecessor-version":[{"id":5747,"href":"https:\/\/boutique.raven-media.ca\/fr\/wp-json\/wp\/v2\/pages\/5272\/revisions\/5747"}],"up":[{"embeddable":true,"href":"https:\/\/boutique.raven-media.ca\/fr\/wp-json\/wp\/v2\/pages\/5735"}],"wp:attachment":[{"href":"https:\/\/boutique.raven-media.ca\/fr\/wp-json\/wp\/v2\/media?parent=5272"}],"wp:term":[{"taxonomy":"magazine","embeddable":true,"href":"https:\/\/boutique.raven-media.ca\/fr\/wp-json\/wp\/v2\/magazine?post=5272"}],"curies":[{"name":"wp","href":"https:\/\/api.w.org\/{rel}","templated":true}]}}