{"id":4375,"date":"2022-03-21T12:06:53","date_gmt":"2022-03-21T16:06:53","guid":{"rendered":"https:\/\/boutique.raven-media.ca\/product\/abonnement-3-ans-edition-papier-planete-quad-inclus-edition-digitale\/"},"modified":"2024-01-24T10:12:55","modified_gmt":"2024-01-24T15:12:55","slug":"abonnement-3-ans-edition-papier-planete-quad","status":"publish","type":"product","link":"https:\/\/boutique.raven-media.ca\/fr\/produit\/abonnement-3-ans-edition-papier-planete-quad\/","title":{"rendered":"Abonnement 3 ANS \u00e9dition papier Plan\u00e8te Quad (\u00e9dition digitale incluse)"},"content":{"rendered":"","protected":false},"excerpt":{"rendered":"","protected":false},"featured_media":5451,"menu_order":1,"comment_status":"closed","ping_status":"closed","template":"","meta":[],"magazine":[169],"product_brand":[],"product_cat":[175,234,173],"product_tag":[],"class_list":{"0":"post-4375","1":"product","2":"type-product","3":"status-publish","4":"has-post-thumbnail","6":"magazine-planetequad","7":"product_cat-abonnements","8":"product_cat-magazines-francais","9":"product_cat-planete-quad","11":"first","12":"instock","13":"taxable","14":"shipping-taxable","15":"purchasable","16":"product-type-subscription"},"acf":[],"_links":{"self":[{"href":"https:\/\/boutique.raven-media.ca\/fr\/wp-json\/wp\/v2\/product\/4375","targetHints":{"allow":["GET"]}}],"collection":[{"href":"https:\/\/boutique.raven-media.ca\/fr\/wp-json\/wp\/v2\/product"}],"about":[{"href":"https:\/\/boutique.raven-media.ca\/fr\/wp-json\/wp\/v2\/types\/product"}],"replies":[{"embeddable":true,"href":"https:\/\/boutique.raven-media.ca\/fr\/wp-json\/wp\/v2\/comments?post=4375"}],"wp:featuredmedia":[{"embeddable":true,"href":"https:\/\/boutique.raven-media.ca\/fr\/wp-json\/wp\/v2\/media\/5451"}],"wp:attachment":[{"href":"https:\/\/boutique.raven-media.ca\/fr\/wp-json\/wp\/v2\/media?parent=4375"}],"wp:term":[{"taxonomy":"magazine","embeddable":true,"href":"https:\/\/boutique.raven-media.ca\/fr\/wp-json\/wp\/v2\/magazine?post=4375"},{"taxonomy":"product_brand","embeddable":true,"href":"https:\/\/boutique.raven-media.ca\/fr\/wp-json\/wp\/v2\/product_brand?post=4375"},{"taxonomy":"product_cat","embeddable":true,"href":"https:\/\/boutique.raven-media.ca\/fr\/wp-json\/wp\/v2\/product_cat?post=4375"},{"taxonomy":"product_tag","embeddable":true,"href":"https:\/\/boutique.raven-media.ca\/fr\/wp-json\/wp\/v2\/product_tag?post=4375"}],"curies":[{"name":"wp","href":"https:\/\/api.w.org\/{rel}","templated":true}]}}